{"id":2,"date":"2023-12-10T11:40:33","date_gmt":"2023-12-10T11:40:33","guid":{"rendered":"https:\/\/concienciartesab.com\/?page_id=2"},"modified":"2023-12-13T12:57:36","modified_gmt":"2023-12-13T12:57:36","slug":"sample-page","status":"publish","type":"page","link":"https:\/\/concienciartesab.com\/?page_id=2","title":{"rendered":"Quienes somos"},"content":{"rendered":"\n<p>Los fines de la asociaci\u00f3n son promover valores culturales y sociales. Promocionar los beneficios de la educaci\u00f3n art\u00edstica en el desarrollo integral de todas las edades. Ofrecer un espacio de expresi\u00f3n, mejora de la creatividad, atenci\u00f3n a la diversidad y educaci\u00f3n de valores. Crear conciencia sobre los espacios naturales y urbanos en los que vivimos.<\/p>\n\n\n\n<blockquote class=\"wp-block-quote is-layout-flow wp-block-quote-is-layout-flow\">\n<p>Els fins de l\u2019associaci\u00f3 s\u00f3n promoure valors culturals i socials. Promocionar els beneficis de l&#8217;educaci\u00f3 art\u00edstica en el desenvolupament integral de totes les edats. Oferir un espai d\u2019expressi\u00f3, millora de la creativitat, atenci\u00f3 a la diversitat i educaci\u00f3 de valors. Fer consciencia sobre els espais naturals i urbans on vivim.<\/p>\n<\/blockquote>\n","protected":false},"excerpt":{"rendered":"<p>Los fines de la asociaci\u00f3n son promover valores culturales y sociales. Promocionar los beneficios de la educaci\u00f3n art\u00edstica en el desarrollo integral de todas las edades. Ofrecer un espacio de expresi\u00f3n, mejora de la creatividad, atenci\u00f3n a la diversidad y educaci\u00f3n de valores. Crear conciencia sobre los espacios naturales y urbanos en los que vivimos. [&hellip;]<\/p>\n","protected":false},"author":1,"featured_media":0,"parent":0,"menu_order":0,"comment_status":"closed","ping_status":"open","template":"","meta":{"site-container-style":"default","site-container-layout":"default","site-sidebar-layout":"default","disable-article-header":"default","disable-site-header":"default","disable-site-footer":"default","disable-content-area-spacing":"default","footnotes":""},"class_list":["post-2","page","type-page","status-publish","hentry"],"_links":{"self":[{"href":"https:\/\/concienciartesab.com\/index.php?rest_route=\/wp\/v2\/pages\/2","targetHints":{"allow":["GET"]}}],"collection":[{"href":"https:\/\/concienciartesab.com\/index.php?rest_route=\/wp\/v2\/pages"}],"about":[{"href":"https:\/\/concienciartesab.com\/index.php?rest_route=\/wp\/v2\/types\/page"}],"author":[{"embeddable":true,"href":"https:\/\/concienciartesab.com\/index.php?rest_route=\/wp\/v2\/users\/1"}],"replies":[{"embeddable":true,"href":"https:\/\/concienciartesab.com\/index.php?rest_route=%2Fwp%2Fv2%2Fcomments&post=2"}],"version-history":[{"count":3,"href":"https:\/\/concienciartesab.com\/index.php?rest_route=\/wp\/v2\/pages\/2\/revisions"}],"predecessor-version":[{"id":30,"href":"https:\/\/concienciartesab.com\/index.php?rest_route=\/wp\/v2\/pages\/2\/revisions\/30"}],"wp:attachment":[{"href":"https:\/\/concienciartesab.com\/index.php?rest_route=%2Fwp%2Fv2%2Fmedia&parent=2"}],"curies":[{"name":"wp","href":"https:\/\/api.w.org\/{rel}","templated":true}]}}